{"id":98,"date":"2024-11-04T10:41:00","date_gmt":"2024-11-04T10:41:00","guid":{"rendered":"https:\/\/projecons.lt\/?page_id=98"},"modified":"2024-11-04T12:53:53","modified_gmt":"2024-11-04T12:53:53","slug":"lean-ir-gamybos-optimizavimas","status":"publish","type":"page","link":"https:\/\/projecons.lt\/en\/lean-ir-gamybos-optimizavimas\/","title":{"rendered":"LEAN and production optimization"},"content":{"rendered":"<div data-elementor-type=\"wp-page\" data-elementor-id=\"98\" class=\"elementor elementor-98\" data-elementor-post-type=\"page\">\n\t\t\t\t<div class=\"elementor-element elementor-element-822fcff e-flex e-con-boxed e-con e-parent\" data-id=\"822fcff\" data-element_type=\"container\">\n\t\t\t\t\t<div class=\"e-con-inner\">\n\t\t\t\t<div class=\"elementor-element elementor-element-72b5189 elementor-widget elementor-widget-heading\" data-id=\"72b5189\" data-element_type=\"widget\" data-widget_type=\"heading.default\">\n\t\t\t\t<div class=\"elementor-widget-container\">\n\t\t\t\t\t<h2 class=\"elementor-heading-title elementor-size-default\">LEAN and production optimization<\/h2>\t\t\t\t<\/div>\n\t\t\t\t<\/div>\n\t\t\t\t<div class=\"elementor-element elementor-element-4fc49f4 elementor-widget elementor-widget-text-editor\" data-id=\"4fc49f4\" data-element_type=\"widget\" data-widget_type=\"text-editor.default\">\n\t\t\t\t<div class=\"elementor-widget-container\">\n\t\t\t\t\t\t\t\t\t<p><span style=\"font-weight: 400;\">We have specialists who will be happy to share their experience in optimizing production processes. We have accumulated experience in cocoa processing, mushroom cultivation, trailer manufacturing, agricultural machinery manufacturing fields and more.<\/span><\/p>\t\t\t\t\t\t\t\t<\/div>\n\t\t\t\t<\/div>\n\t\t\t\t\t<\/div>\n\t\t\t\t<\/div>\n\t\t\t\t<\/div>","protected":false},"excerpt":{"rendered":"<p>LEAN ir gamybos optimizavimas Turime specialist\u0173, kurie mielai pasidalins patirtimi optimizuojant gamybinius procesus. Esame sukaup\u0119 patirties kakavos perdirbimo, pievagrybi\u0173 auginimo, priekab\u0173 gamybos, \u017eem\u0117s \u016bkio technikos gamybos ir kitose srityse<\/p>","protected":false},"author":1,"featured_media":0,"parent":0,"menu_order":0,"comment_status":"closed","ping_status":"closed","template":"","meta":{"footnotes":""},"class_list":["post-98","page","type-page","status-publish","hentry"],"aioseo_notices":[],"_links":{"self":[{"href":"https:\/\/projecons.lt\/en\/wp-json\/wp\/v2\/pages\/98"}],"collection":[{"href":"https:\/\/projecons.lt\/en\/wp-json\/wp\/v2\/pages"}],"about":[{"href":"https:\/\/projecons.lt\/en\/wp-json\/wp\/v2\/types\/page"}],"author":[{"embeddable":true,"href":"https:\/\/projecons.lt\/en\/wp-json\/wp\/v2\/users\/1"}],"replies":[{"embeddable":true,"href":"https:\/\/projecons.lt\/en\/wp-json\/wp\/v2\/comments?post=98"}],"version-history":[{"count":13,"href":"https:\/\/projecons.lt\/en\/wp-json\/wp\/v2\/pages\/98\/revisions"}],"predecessor-version":[{"id":239,"href":"https:\/\/projecons.lt\/en\/wp-json\/wp\/v2\/pages\/98\/revisions\/239"}],"wp:attachment":[{"href":"https:\/\/projecons.lt\/en\/wp-json\/wp\/v2\/media?parent=98"}],"curies":[{"name":"wp","href":"https:\/\/api.w.org\/{rel}","templated":true}]}}