{"id":93,"date":"2024-11-04T10:38:27","date_gmt":"2024-11-04T10:38:27","guid":{"rendered":"https:\/\/projecons.lt\/?page_id=93"},"modified":"2024-11-04T12:53:26","modified_gmt":"2024-11-04T12:53:26","slug":"konsultacijos-verslui","status":"publish","type":"page","link":"https:\/\/projecons.lt\/en\/konsultacijos-verslui\/","title":{"rendered":"Consulting for business"},"content":{"rendered":"<div data-elementor-type=\"wp-page\" data-elementor-id=\"93\" class=\"elementor elementor-93\" data-elementor-post-type=\"page\">\n\t\t\t\t<div class=\"elementor-element elementor-element-822fcff e-flex e-con-boxed e-con e-parent\" data-id=\"822fcff\" data-element_type=\"container\">\n\t\t\t\t\t<div class=\"e-con-inner\">\n\t\t\t\t<div class=\"elementor-element elementor-element-72b5189 elementor-widget elementor-widget-heading\" data-id=\"72b5189\" data-element_type=\"widget\" data-widget_type=\"heading.default\">\n\t\t\t\t<div class=\"elementor-widget-container\">\n\t\t\t\t\t<h2 class=\"elementor-heading-title elementor-size-default\">Consulting for business<\/h2>\t\t\t\t<\/div>\n\t\t\t\t<\/div>\n\t\t\t\t<div class=\"elementor-element elementor-element-4fc49f4 elementor-widget elementor-widget-text-editor\" data-id=\"4fc49f4\" data-element_type=\"widget\" data-widget_type=\"text-editor.default\">\n\t\t\t\t<div class=\"elementor-widget-container\">\n\t\t\t\t\t\t\t\t\t<p><span style=\"font-weight: 400;\">We have accumulated a lot of experience in trade and manufacturing companies.\u00a0<\/span><\/p><p><strong>Our core strengths:<\/strong><\/p><ul><li><span style=\"font-weight: 400;\">Evaluation of business plans<\/span><\/li><li><span style=\"font-weight: 400;\">Assessment of payback<\/span><\/li><li><span style=\"font-weight: 400;\">Evaluation of balance sheets and profit and loss statements.<\/span><\/li><\/ul>\t\t\t\t\t\t\t\t<\/div>\n\t\t\t\t<\/div>\n\t\t\t\t\t<\/div>\n\t\t\t\t<\/div>\n\t\t\t\t<\/div>","protected":false},"excerpt":{"rendered":"<p>Konsultacijos verslui Esame sukaup\u0119 daug patirties prekybos, bei gamybin\u0117se \u012fmon\u0117se.\u00a0 M\u016bs\u0173 pagrindin\u0117s stipryb\u0117s: Verslo plan\u0173 vertinimas Atsiperkamumo vertinimas Balanso ir pelno nuostoli\u0173 ataskait\u0173 vertinimas.<\/p>","protected":false},"author":1,"featured_media":0,"parent":0,"menu_order":0,"comment_status":"closed","ping_status":"closed","template":"","meta":{"footnotes":""},"class_list":["post-93","page","type-page","status-publish","hentry"],"aioseo_notices":[],"_links":{"self":[{"href":"https:\/\/projecons.lt\/en\/wp-json\/wp\/v2\/pages\/93"}],"collection":[{"href":"https:\/\/projecons.lt\/en\/wp-json\/wp\/v2\/pages"}],"about":[{"href":"https:\/\/projecons.lt\/en\/wp-json\/wp\/v2\/types\/page"}],"author":[{"embeddable":true,"href":"https:\/\/projecons.lt\/en\/wp-json\/wp\/v2\/users\/1"}],"replies":[{"embeddable":true,"href":"https:\/\/projecons.lt\/en\/wp-json\/wp\/v2\/comments?post=93"}],"version-history":[{"count":13,"href":"https:\/\/projecons.lt\/en\/wp-json\/wp\/v2\/pages\/93\/revisions"}],"predecessor-version":[{"id":236,"href":"https:\/\/projecons.lt\/en\/wp-json\/wp\/v2\/pages\/93\/revisions\/236"}],"wp:attachment":[{"href":"https:\/\/projecons.lt\/en\/wp-json\/wp\/v2\/media?parent=93"}],"curies":[{"name":"wp","href":"https:\/\/api.w.org\/{rel}","templated":true}]}}