{"id":88,"date":"2024-11-04T10:37:06","date_gmt":"2024-11-04T10:37:06","guid":{"rendered":"https:\/\/projecons.lt\/?page_id=88"},"modified":"2024-11-04T12:52:57","modified_gmt":"2024-11-04T12:52:57","slug":"viesieji-pirkimai","status":"publish","type":"page","link":"https:\/\/projecons.lt\/en\/viesieji-pirkimai\/","title":{"rendered":"Public procurement"},"content":{"rendered":"<div data-elementor-type=\"wp-page\" data-elementor-id=\"88\" class=\"elementor elementor-88\" data-elementor-post-type=\"page\">\n\t\t\t\t<div class=\"elementor-element elementor-element-822fcff e-flex e-con-boxed e-con e-parent\" data-id=\"822fcff\" data-element_type=\"container\">\n\t\t\t\t\t<div class=\"e-con-inner\">\n\t\t\t\t<div class=\"elementor-element elementor-element-72b5189 elementor-widget elementor-widget-heading\" data-id=\"72b5189\" data-element_type=\"widget\" data-widget_type=\"heading.default\">\n\t\t\t\t<div class=\"elementor-widget-container\">\n\t\t\t\t\t<h2 class=\"elementor-heading-title elementor-size-default\">Public procurement<\/h2>\t\t\t\t<\/div>\n\t\t\t\t<\/div>\n\t\t\t\t<div class=\"elementor-element elementor-element-4fc49f4 elementor-widget elementor-widget-text-editor\" data-id=\"4fc49f4\" data-element_type=\"widget\" data-widget_type=\"text-editor.default\">\n\t\t\t\t<div class=\"elementor-widget-container\">\n\t\t\t\t\t\t\t\t\t<p><span style=\"font-weight: 400;\">Our platform team has accumulated extensive experience in the field of public procurement, both in terms of Procurement Organizations and Supply. We can advise, we can be purchasing partners.<\/span><\/p>\t\t\t\t\t\t\t\t<\/div>\n\t\t\t\t<\/div>\n\t\t\t\t\t<\/div>\n\t\t\t\t<\/div>\n\t\t\t\t<\/div>","protected":false},"excerpt":{"rendered":"<p>Vie\u0161ieji pirkimai M\u016bs\u0173 platformos komanda turi sukaupusi didel\u0119 patirt\u012f vie\u0161\u0173j\u0173 pirkim\u0173 srityje tiek Perkan\u010di\u0173j\u0173 organizacij\u0173, tiek Tiekimo prasme.\u00a0 Galime konsultuoti, galime b\u016bti pirkim\u0173 partneriais.<\/p>","protected":false},"author":1,"featured_media":0,"parent":0,"menu_order":0,"comment_status":"closed","ping_status":"closed","template":"","meta":{"footnotes":""},"class_list":["post-88","page","type-page","status-publish","hentry"],"aioseo_notices":[],"_links":{"self":[{"href":"https:\/\/projecons.lt\/en\/wp-json\/wp\/v2\/pages\/88"}],"collection":[{"href":"https:\/\/projecons.lt\/en\/wp-json\/wp\/v2\/pages"}],"about":[{"href":"https:\/\/projecons.lt\/en\/wp-json\/wp\/v2\/types\/page"}],"author":[{"embeddable":true,"href":"https:\/\/projecons.lt\/en\/wp-json\/wp\/v2\/users\/1"}],"replies":[{"embeddable":true,"href":"https:\/\/projecons.lt\/en\/wp-json\/wp\/v2\/comments?post=88"}],"version-history":[{"count":13,"href":"https:\/\/projecons.lt\/en\/wp-json\/wp\/v2\/pages\/88\/revisions"}],"predecessor-version":[{"id":233,"href":"https:\/\/projecons.lt\/en\/wp-json\/wp\/v2\/pages\/88\/revisions\/233"}],"wp:attachment":[{"href":"https:\/\/projecons.lt\/en\/wp-json\/wp\/v2\/media?parent=88"}],"curies":[{"name":"wp","href":"https:\/\/api.w.org\/{rel}","templated":true}]}}