{"id":80,"date":"2024-11-04T10:31:29","date_gmt":"2024-11-04T10:31:29","guid":{"rendered":"https:\/\/projecons.lt\/?page_id=80"},"modified":"2024-11-04T12:51:59","modified_gmt":"2024-11-04T12:51:59","slug":"tarptautine-prekyba","status":"publish","type":"page","link":"https:\/\/projecons.lt\/en\/tarptautine-prekyba\/","title":{"rendered":"International trade"},"content":{"rendered":"<div data-elementor-type=\"wp-page\" data-elementor-id=\"80\" class=\"elementor elementor-80\" data-elementor-post-type=\"page\">\n\t\t\t\t<div class=\"elementor-element elementor-element-822fcff e-flex e-con-boxed e-con e-parent\" data-id=\"822fcff\" data-element_type=\"container\">\n\t\t\t\t\t<div class=\"e-con-inner\">\n\t\t\t\t<div class=\"elementor-element elementor-element-72b5189 elementor-widget elementor-widget-heading\" data-id=\"72b5189\" data-element_type=\"widget\" data-widget_type=\"heading.default\">\n\t\t\t\t<div class=\"elementor-widget-container\">\n\t\t\t\t\t<h2 class=\"elementor-heading-title elementor-size-default\">International trade<\/h2>\t\t\t\t<\/div>\n\t\t\t\t<\/div>\n\t\t\t\t<div class=\"elementor-element elementor-element-4fc49f4 elementor-widget elementor-widget-text-editor\" data-id=\"4fc49f4\" data-element_type=\"widget\" data-widget_type=\"text-editor.default\">\n\t\t\t\t<div class=\"elementor-widget-container\">\n\t\t\t\t\t\t\t\t\t<ul><li><span style=\"font-weight: 400;\">Trade in cocoa beans, raw materials and cocoa products.<\/span><\/li><li><span style=\"font-weight: 400;\">Trade in coffee beans.<\/span><\/li><li><span style=\"font-weight: 400;\">Trade in other agricultural products.<\/span><\/li><\/ul>\t\t\t\t\t\t\t\t<\/div>\n\t\t\t\t<\/div>\n\t\t\t\t\t<\/div>\n\t\t\t\t<\/div>\n\t\t\t\t<\/div>","protected":false},"excerpt":{"rendered":"<p>Tarptautin\u0117 prekyba Prekyba kakavos pupel\u0117mis, \u017ealiavomis ir kakavos produktais. Prekyba kavos pupel\u0117mis Prekyba kitomis \u017eem\u0117s \u016bkio produkcijomis.<\/p>","protected":false},"author":1,"featured_media":0,"parent":0,"menu_order":0,"comment_status":"closed","ping_status":"closed","template":"","meta":{"footnotes":""},"class_list":["post-80","page","type-page","status-publish","hentry"],"aioseo_notices":[],"_links":{"self":[{"href":"https:\/\/projecons.lt\/en\/wp-json\/wp\/v2\/pages\/80"}],"collection":[{"href":"https:\/\/projecons.lt\/en\/wp-json\/wp\/v2\/pages"}],"about":[{"href":"https:\/\/projecons.lt\/en\/wp-json\/wp\/v2\/types\/page"}],"author":[{"embeddable":true,"href":"https:\/\/projecons.lt\/en\/wp-json\/wp\/v2\/users\/1"}],"replies":[{"embeddable":true,"href":"https:\/\/projecons.lt\/en\/wp-json\/wp\/v2\/comments?post=80"}],"version-history":[{"count":28,"href":"https:\/\/projecons.lt\/en\/wp-json\/wp\/v2\/pages\/80\/revisions"}],"predecessor-version":[{"id":230,"href":"https:\/\/projecons.lt\/en\/wp-json\/wp\/v2\/pages\/80\/revisions\/230"}],"wp:attachment":[{"href":"https:\/\/projecons.lt\/en\/wp-json\/wp\/v2\/media?parent=80"}],"curies":[{"name":"wp","href":"https:\/\/api.w.org\/{rel}","templated":true}]}}