{"id":103,"date":"2024-11-04T10:42:40","date_gmt":"2024-11-04T10:42:40","guid":{"rendered":"https:\/\/projecons.lt\/?page_id=103"},"modified":"2024-11-04T12:54:18","modified_gmt":"2024-11-04T12:54:18","slug":"medicinos-auditas","status":"publish","type":"page","link":"https:\/\/projecons.lt\/en\/medicinos-auditas\/","title":{"rendered":"Medical audit"},"content":{"rendered":"<div data-elementor-type=\"wp-page\" data-elementor-id=\"103\" class=\"elementor elementor-103\" data-elementor-post-type=\"page\">\n\t\t\t\t<div class=\"elementor-element elementor-element-822fcff e-flex e-con-boxed e-con e-parent\" data-id=\"822fcff\" data-element_type=\"container\">\n\t\t\t\t\t<div class=\"e-con-inner\">\n\t\t\t\t<div class=\"elementor-element elementor-element-72b5189 elementor-widget elementor-widget-heading\" data-id=\"72b5189\" data-element_type=\"widget\" data-widget_type=\"heading.default\">\n\t\t\t\t<div class=\"elementor-widget-container\">\n\t\t\t\t\t<h2 class=\"elementor-heading-title elementor-size-default\">Medical audit<\/h2>\t\t\t\t<\/div>\n\t\t\t\t<\/div>\n\t\t\t\t<div class=\"elementor-element elementor-element-4fc49f4 elementor-widget elementor-widget-text-editor\" data-id=\"4fc49f4\" data-element_type=\"widget\" data-widget_type=\"text-editor.default\">\n\t\t\t\t<div class=\"elementor-widget-container\">\n\t\t\t\t\t\t\t\t\t<p><span style=\"font-weight: 400;\">Assessing the market demand, we noticed that more and more personal private health care facilities are being established. We have invited professional medical auditors with long-term experience to our platform, who will be happy to advise and perform all the steps necessary for a medical audit.<\/span><\/p>\t\t\t\t\t\t\t\t<\/div>\n\t\t\t\t<\/div>\n\t\t\t\t\t<\/div>\n\t\t\t\t<\/div>\n\t\t\t\t<\/div>","protected":false},"excerpt":{"rendered":"<p>Medicinos auditas Vertindami rinkos poreik\u012f, pasteb\u0117jome, kad vis daugiau kuriasi asmens priva\u010di\u0173 sveikatos prie\u017ei\u016bros \u012fstaig\u0173. \u012e savo platform\u0105 esame pakviet\u0119 profesionali\u0173 medicinos auditori\u0173 su ilgalaike patirtimi, kurie mielai pakonsultuos ir atliks visus veiksmus, reikalingus medicininiam auditui.<\/p>","protected":false},"author":1,"featured_media":0,"parent":0,"menu_order":0,"comment_status":"closed","ping_status":"closed","template":"","meta":{"footnotes":""},"class_list":["post-103","page","type-page","status-publish","hentry"],"aioseo_notices":[],"_links":{"self":[{"href":"https:\/\/projecons.lt\/en\/wp-json\/wp\/v2\/pages\/103"}],"collection":[{"href":"https:\/\/projecons.lt\/en\/wp-json\/wp\/v2\/pages"}],"about":[{"href":"https:\/\/projecons.lt\/en\/wp-json\/wp\/v2\/types\/page"}],"author":[{"embeddable":true,"href":"https:\/\/projecons.lt\/en\/wp-json\/wp\/v2\/users\/1"}],"replies":[{"embeddable":true,"href":"https:\/\/projecons.lt\/en\/wp-json\/wp\/v2\/comments?post=103"}],"version-history":[{"count":13,"href":"https:\/\/projecons.lt\/en\/wp-json\/wp\/v2\/pages\/103\/revisions"}],"predecessor-version":[{"id":242,"href":"https:\/\/projecons.lt\/en\/wp-json\/wp\/v2\/pages\/103\/revisions\/242"}],"wp:attachment":[{"href":"https:\/\/projecons.lt\/en\/wp-json\/wp\/v2\/media?parent=103"}],"curies":[{"name":"wp","href":"https:\/\/api.w.org\/{rel}","templated":true}]}}